{"id":524,"date":"2025-11-26T14:26:44","date_gmt":"2025-11-26T14:26:44","guid":{"rendered":"https:\/\/surgecomunicacion.com\/?page_id=524"},"modified":"2025-12-03T20:02:35","modified_gmt":"2025-12-03T20:02:35","slug":"servicios","status":"publish","type":"page","link":"https:\/\/surgecomunicacion.com\/en\/servicios\/","title":{"rendered":"servicios"},"content":{"rendered":"<div data-elementor-type=\"wp-page\" data-elementor-id=\"524\" class=\"elementor elementor-524\" data-elementor-post-type=\"page\">\n\t\t\t\t<div class=\"elementor-element elementor-element-59750eb e-flex e-con-boxed e-con e-parent\" data-id=\"59750eb\" data-element_type=\"container\" data-settings=\"{&quot;background_background&quot;:&quot;classic&quot;}\">\n\t\t\t\t\t<div class=\"e-con-inner\">\n\t\t<div class=\"elementor-element elementor-element-c2a5c0c e-con-full e-flex e-con e-child\" data-id=\"c2a5c0c\" data-element_type=\"container\">\n\t\t\t\t<div class=\"elementor-element elementor-element-fd81e2c elementor-invisible elementor-widget elementor-widget-heading\" data-id=\"fd81e2c\" data-element_type=\"widget\" data-settings=\"{&quot;_animation&quot;:&quot;fadeInUp&quot;,&quot;_animation_delay&quot;:200}\" data-widget_type=\"heading.default\">\n\t\t\t\t\t<h1 class=\"elementor-heading-title elementor-size-default\">Work areas<\/h1>\t\t\t\t<\/div>\n\t\t\t\t<\/div>\n\t\t\t\t\t<\/div>\n\t\t\t\t<\/div>\n\t\t<div class=\"elementor-element elementor-element-55854aae e-flex e-con-boxed e-con e-parent\" data-id=\"55854aae\" data-element_type=\"container\">\n\t\t\t\t\t<div class=\"e-con-inner\">\n\t\t<div class=\"elementor-element elementor-element-7517f23e e-con-full e-flex e-con e-child\" data-id=\"7517f23e\" data-element_type=\"container\">\n\t\t\t\t<div class=\"elementor-element elementor-element-a97aa48 elementor-invisible elementor-widget elementor-widget-image\" data-id=\"a97aa48\" data-element_type=\"widget\" data-settings=\"{&quot;_animation&quot;:&quot;fadeIn&quot;}\" data-widget_type=\"image.default\">\n\t\t\t\t\t\t\t\t\t\t\t\t\t\t\t<img fetchpriority=\"high\" decoding=\"async\" width=\"1692\" height=\"1512\" src=\"https:\/\/surgecomunicacion.com\/wp-content\/uploads\/2025\/11\/15.jpg\" class=\"attachment-full size-full wp-image-409\" alt=\"\" srcset=\"https:\/\/surgecomunicacion.com\/wp-content\/uploads\/2025\/11\/15.jpg 1692w, https:\/\/surgecomunicacion.com\/wp-content\/uploads\/2025\/11\/15-300x268.jpg 300w, https:\/\/surgecomunicacion.com\/wp-content\/uploads\/2025\/11\/15-1024x915.jpg 1024w, https:\/\/surgecomunicacion.com\/wp-content\/uploads\/2025\/11\/15-768x686.jpg 768w, https:\/\/surgecomunicacion.com\/wp-content\/uploads\/2025\/11\/15-1536x1373.jpg 1536w\" sizes=\"(max-width: 1692px) 100vw, 1692px\" \/>\t\t\t\t\t\t\t\t\t\t\t\t\t\t\t<\/div>\n\t\t\t\t<\/div>\n\t\t<div class=\"elementor-element elementor-element-74ca0f64 e-con-full e-flex elementor-invisible e-con e-child\" data-id=\"74ca0f64\" data-element_type=\"container\" data-settings=\"{&quot;animation&quot;:&quot;fadeIn&quot;,&quot;animation_delay&quot;:200}\">\n\t\t\t\t<div class=\"elementor-element elementor-element-1c78efd8 elementor-invisible elementor-widget elementor-widget-heading\" data-id=\"1c78efd8\" data-element_type=\"widget\" data-settings=\"{&quot;_animation&quot;:&quot;fadeIn&quot;}\" data-widget_type=\"heading.default\">\n\t\t\t\t\t<h2 class=\"elementor-heading-title elementor-size-default\">Branding<\/h2>\t\t\t\t<\/div>\n\t\t\t\t<div class=\"elementor-element elementor-element-4195f053 elementor-invisible elementor-widget elementor-widget-text-editor\" data-id=\"4195f053\" data-element_type=\"widget\" data-settings=\"{&quot;_animation&quot;:&quot;fadeIn&quot;,&quot;_animation_delay&quot;:200}\" data-widget_type=\"text-editor.default\">\n\t\t\t\t\t\t\t\t\t<p>A visual identity is born from a concept, a story and an intention.<br data-start=\"677\" data-end=\"680\" \/>I create graphic universes that speak for themselves: logos with soul, typographies that dialogue with the project and pieces that build cohesion and meaning.<br data-start=\"834\" data-end=\"837\" \/>Branding that not only represents, but expresses.<\/p>\t\t\t\t\t\t\t\t<\/div>\n\t\t\t\t<div class=\"elementor-element elementor-element-0cb140f elementor-invisible elementor-widget elementor-widget-button\" data-id=\"0cb140f\" data-element_type=\"widget\" data-settings=\"{&quot;_animation&quot;:&quot;fadeIn&quot;,&quot;_animation_delay&quot;:400}\" data-widget_type=\"button.default\">\n\t\t\t\t\t\t\t\t\t\t<a class=\"elementor-button elementor-button-link elementor-size-sm elementor-animation-float\" href=\"https:\/\/surgecomunicacion.com\/en\/contacto\/\">\n\t\t\t\t\t\t<span class=\"elementor-button-content-wrapper\">\n\t\t\t\t\t\t<span class=\"elementor-button-icon\">\n\t\t\t\t<svg xmlns=\"http:\/\/www.w3.org\/2000\/svg\" xmlns:xlink=\"http:\/\/www.w3.org\/1999\/xlink\" id=\"Capa_1\" viewbox=\"0 0 120 118\"><defs><style>      .st0 {        fill: none;      }      .st1 {        fill: #ff86bc;      }      .st2 {        clip-path: url(#clippath);      }    <\/style><clippath id=\"clippath\"><rect class=\"st0\" x=\"10.11\" y=\"10.71\" width=\"100.07\" height=\"98.04\"><\/rect><\/clippath><\/defs><g class=\"st2\"><path class=\"st1\" d=\"M11.48,48.02l.05,2.56-1.36,4.88c-.69,15.22,4.24,27.74,14.81,37.56,8.6,7.76,19.34,12.79,32.23,15.06l3.87.68,1.52-.16c1.28.23,2.62.18,4.01-.15,4.7-.31,9.19-1.22,13.44-2.74,13.18-5.07,22.16-15.42,26.91-31.06.85-2.98,1.55-5.98,2.09-9.01,1.31-7.44,1.47-14.94.48-22.5-.47-4.92-1.51-9.36-3.13-13.34-2.12-4.92-4.84-8.39-8.14-10.39-7.3-3.84-14.65-6.42-22.06-7.73-9.99-1.76-20.23-1.16-30.73,1.83-18.22,5.31-29.14,15.46-32.78,30.45l-1.21,4.05h0Z\"><\/path><\/g><\/svg>\t\t\t<\/span>\n\t\t\t\t\t\t\t\t\t<span class=\"elementor-button-text\">Contact<\/span>\n\t\t\t\t\t<\/span>\n\t\t\t\t\t<\/a>\n\t\t\t\t\t\t\t\t<\/div>\n\t\t\t\t<\/div>\n\t\t\t\t\t<\/div>\n\t\t\t\t<\/div>\n\t\t<div class=\"elementor-element elementor-element-517d6672 e-flex e-con-boxed e-con e-parent\" data-id=\"517d6672\" data-element_type=\"container\">\n\t\t\t\t\t<div class=\"e-con-inner\">\n\t\t<div class=\"elementor-element elementor-element-231112f9 e-con-full e-flex elementor-invisible e-con e-child\" data-id=\"231112f9\" data-element_type=\"container\" data-settings=\"{&quot;animation&quot;:&quot;fadeIn&quot;,&quot;animation_delay&quot;:200}\">\n\t\t\t\t<div class=\"elementor-element elementor-element-118c7267 elementor-invisible elementor-widget elementor-widget-heading\" data-id=\"118c7267\" data-element_type=\"widget\" data-settings=\"{&quot;_animation&quot;:&quot;fadeIn&quot;}\" data-widget_type=\"heading.default\">\n\t\t\t\t\t<h2 class=\"elementor-heading-title elementor-size-default\">Signage<\/h2>\t\t\t\t<\/div>\n\t\t\t\t<div class=\"elementor-element elementor-element-33e95999 elementor-invisible elementor-widget elementor-widget-text-editor\" data-id=\"33e95999\" data-element_type=\"widget\" data-settings=\"{&quot;_animation&quot;:&quot;fadeIn&quot;,&quot;_animation_delay&quot;:200}\" data-widget_type=\"text-editor.default\">\n\t\t\t\t\t\t\t\t\t<p>A poster is an invitation to look.<br data-start=\"996\" data-end=\"999\" \/>I design images capable of transmitting atmosphere, emotion and narrative for festivals, cultural activities and artistic projects.<br data-start=\"1131\" data-end=\"1134\" \/>Each piece seeks to find its own voice: a gesture, a symbol, a color that opens the door to experience.<\/p>\t\t\t\t\t\t\t\t<\/div>\n\t\t\t\t<div class=\"elementor-element elementor-element-88ac559 elementor-invisible elementor-widget elementor-widget-button\" data-id=\"88ac559\" data-element_type=\"widget\" data-settings=\"{&quot;_animation&quot;:&quot;fadeIn&quot;,&quot;_animation_delay&quot;:400}\" data-widget_type=\"button.default\">\n\t\t\t\t\t\t\t\t\t\t<a class=\"elementor-button elementor-button-link elementor-size-sm elementor-animation-float\" href=\"https:\/\/surgecomunicacion.com\/en\/contacto\/\">\n\t\t\t\t\t\t<span class=\"elementor-button-content-wrapper\">\n\t\t\t\t\t\t<span class=\"elementor-button-icon\">\n\t\t\t\t<svg xmlns=\"http:\/\/www.w3.org\/2000\/svg\" xmlns:xlink=\"http:\/\/www.w3.org\/1999\/xlink\" id=\"Capa_1\" viewbox=\"0 0 120 118\"><defs><style>      .st0 {        fill: none;      }      .st1 {        fill: #ff86bc;      }      .st2 {        clip-path: url(#clippath);      }    <\/style><clippath id=\"clippath\"><rect class=\"st0\" x=\"10.11\" y=\"10.71\" width=\"100.07\" height=\"98.04\"><\/rect><\/clippath><\/defs><g class=\"st2\"><path class=\"st1\" d=\"M11.48,48.02l.05,2.56-1.36,4.88c-.69,15.22,4.24,27.74,14.81,37.56,8.6,7.76,19.34,12.79,32.23,15.06l3.87.68,1.52-.16c1.28.23,2.62.18,4.01-.15,4.7-.31,9.19-1.22,13.44-2.74,13.18-5.07,22.16-15.42,26.91-31.06.85-2.98,1.55-5.98,2.09-9.01,1.31-7.44,1.47-14.94.48-22.5-.47-4.92-1.51-9.36-3.13-13.34-2.12-4.92-4.84-8.39-8.14-10.39-7.3-3.84-14.65-6.42-22.06-7.73-9.99-1.76-20.23-1.16-30.73,1.83-18.22,5.31-29.14,15.46-32.78,30.45l-1.21,4.05h0Z\"><\/path><\/g><\/svg>\t\t\t<\/span>\n\t\t\t\t\t\t\t\t\t<span class=\"elementor-button-text\">Contact<\/span>\n\t\t\t\t\t<\/span>\n\t\t\t\t\t<\/a>\n\t\t\t\t\t\t\t\t<\/div>\n\t\t\t\t<\/div>\n\t\t<div class=\"elementor-element elementor-element-350ee26 e-con-full e-flex elementor-invisible e-con e-child\" data-id=\"350ee26\" data-element_type=\"container\" data-settings=\"{&quot;animation&quot;:&quot;fadeIn&quot;}\">\n\t\t\t\t<div class=\"elementor-element elementor-element-65159c34 elementor-invisible elementor-widget elementor-widget-image\" data-id=\"65159c34\" data-element_type=\"widget\" data-settings=\"{&quot;_animation&quot;:&quot;fadeIn&quot;}\" data-widget_type=\"image.default\">\n\t\t\t\t\t\t\t\t\t\t\t\t\t\t\t<img decoding=\"async\" width=\"2500\" height=\"2500\" src=\"https:\/\/surgecomunicacion.com\/wp-content\/uploads\/2025\/11\/2.jpg\" class=\"attachment-full size-full wp-image-392\" alt=\"\" srcset=\"https:\/\/surgecomunicacion.com\/wp-content\/uploads\/2025\/11\/2.jpg 2500w, https:\/\/surgecomunicacion.com\/wp-content\/uploads\/2025\/11\/2-300x300.jpg 300w, https:\/\/surgecomunicacion.com\/wp-content\/uploads\/2025\/11\/2-1024x1024.jpg 1024w, https:\/\/surgecomunicacion.com\/wp-content\/uploads\/2025\/11\/2-150x150.jpg 150w, https:\/\/surgecomunicacion.com\/wp-content\/uploads\/2025\/11\/2-768x768.jpg 768w, https:\/\/surgecomunicacion.com\/wp-content\/uploads\/2025\/11\/2-1536x1536.jpg 1536w, https:\/\/surgecomunicacion.com\/wp-content\/uploads\/2025\/11\/2-2048x2048.jpg 2048w\" sizes=\"(max-width: 2500px) 100vw, 2500px\" \/>\t\t\t\t\t\t\t\t\t\t\t\t\t\t\t<\/div>\n\t\t\t\t<\/div>\n\t\t\t\t\t<\/div>\n\t\t\t\t<\/div>\n\t\t<div class=\"elementor-element elementor-element-476b59e2 e-flex e-con-boxed e-con e-parent\" data-id=\"476b59e2\" data-element_type=\"container\">\n\t\t\t\t\t<div class=\"e-con-inner\">\n\t\t<div class=\"elementor-element elementor-element-b9c5d36 e-con-full elementor-hidden-mobile e-flex elementor-invisible e-con e-child\" data-id=\"b9c5d36\" data-element_type=\"container\" data-settings=\"{&quot;animation&quot;:&quot;fadeIn&quot;}\">\n\t\t\t\t<div class=\"elementor-element elementor-element-33192b6c elementor-invisible elementor-widget elementor-widget-image\" data-id=\"33192b6c\" data-element_type=\"widget\" data-settings=\"{&quot;_animation&quot;:&quot;fadeIn&quot;}\" data-widget_type=\"image.default\">\n\t\t\t\t\t\t\t\t\t\t\t\t\t\t\t<img decoding=\"async\" width=\"1692\" height=\"1512\" src=\"https:\/\/surgecomunicacion.com\/wp-content\/uploads\/2025\/11\/14.jpg\" class=\"attachment-full size-full wp-image-408\" alt=\"\" srcset=\"https:\/\/surgecomunicacion.com\/wp-content\/uploads\/2025\/11\/14.jpg 1692w, https:\/\/surgecomunicacion.com\/wp-content\/uploads\/2025\/11\/14-300x268.jpg 300w, https:\/\/surgecomunicacion.com\/wp-content\/uploads\/2025\/11\/14-1024x915.jpg 1024w, https:\/\/surgecomunicacion.com\/wp-content\/uploads\/2025\/11\/14-768x686.jpg 768w, https:\/\/surgecomunicacion.com\/wp-content\/uploads\/2025\/11\/14-1536x1373.jpg 1536w\" sizes=\"(max-width: 1692px) 100vw, 1692px\" \/>\t\t\t\t\t\t\t\t\t\t\t\t\t\t\t<\/div>\n\t\t\t\t<\/div>\n\t\t<div class=\"elementor-element elementor-element-3275f951 e-con-full e-flex elementor-invisible e-con e-child\" data-id=\"3275f951\" data-element_type=\"container\" data-settings=\"{&quot;animation&quot;:&quot;fadeIn&quot;,&quot;animation_delay&quot;:200}\">\n\t\t\t\t<div class=\"elementor-element elementor-element-32ea453c elementor-invisible elementor-widget elementor-widget-heading\" data-id=\"32ea453c\" data-element_type=\"widget\" data-settings=\"{&quot;_animation&quot;:&quot;fadeIn&quot;}\" data-widget_type=\"heading.default\">\n\t\t\t\t\t<h2 class=\"elementor-heading-title elementor-size-default\">Editorial design and layout<\/h2>\t\t\t\t<\/div>\n\t\t\t\t<div class=\"elementor-element elementor-element-3c2fbf0b elementor-invisible elementor-widget elementor-widget-text-editor\" data-id=\"3c2fbf0b\" data-element_type=\"widget\" data-settings=\"{&quot;_animation&quot;:&quot;fadeIn&quot;,&quot;_animation_delay&quot;:200}\" data-widget_type=\"text-editor.default\">\n\t\t\t\t\t\t\t\t\t<p>Editorial design is rhythm, structure and breath.<br data-start=\"1407\" data-end=\"1410\" \/>I work on each publication -books, catalogs, magazines or memoirs- from the balance between form and content: typography, composition and visual narrative at the service of the story to be told.<br data-start=\"1612\" data-end=\"1615\" \/>Pages that are read, but also felt.<\/p>\t\t\t\t\t\t\t\t<\/div>\n\t\t\t\t<div class=\"elementor-element elementor-element-2fbd1a0 elementor-invisible elementor-widget elementor-widget-button\" data-id=\"2fbd1a0\" data-element_type=\"widget\" data-settings=\"{&quot;_animation&quot;:&quot;fadeIn&quot;,&quot;_animation_delay&quot;:400}\" data-widget_type=\"button.default\">\n\t\t\t\t\t\t\t\t\t\t<a class=\"elementor-button elementor-button-link elementor-size-sm elementor-animation-float\" href=\"https:\/\/surgecomunicacion.com\/en\/contacto\/\">\n\t\t\t\t\t\t<span class=\"elementor-button-content-wrapper\">\n\t\t\t\t\t\t<span class=\"elementor-button-icon\">\n\t\t\t\t<svg xmlns=\"http:\/\/www.w3.org\/2000\/svg\" xmlns:xlink=\"http:\/\/www.w3.org\/1999\/xlink\" id=\"Capa_1\" viewbox=\"0 0 120 118\"><defs><style>      .st0 {        fill: none;      }      .st1 {        fill: #ff86bc;      }      .st2 {        clip-path: url(#clippath);      }    <\/style><clippath id=\"clippath\"><rect class=\"st0\" x=\"10.11\" y=\"10.71\" width=\"100.07\" height=\"98.04\"><\/rect><\/clippath><\/defs><g class=\"st2\"><path class=\"st1\" d=\"M11.48,48.02l.05,2.56-1.36,4.88c-.69,15.22,4.24,27.74,14.81,37.56,8.6,7.76,19.34,12.79,32.23,15.06l3.87.68,1.52-.16c1.28.23,2.62.18,4.01-.15,4.7-.31,9.19-1.22,13.44-2.74,13.18-5.07,22.16-15.42,26.91-31.06.85-2.98,1.55-5.98,2.09-9.01,1.31-7.44,1.47-14.94.48-22.5-.47-4.92-1.51-9.36-3.13-13.34-2.12-4.92-4.84-8.39-8.14-10.39-7.3-3.84-14.65-6.42-22.06-7.73-9.99-1.76-20.23-1.16-30.73,1.83-18.22,5.31-29.14,15.46-32.78,30.45l-1.21,4.05h0Z\"><\/path><\/g><\/svg>\t\t\t<\/span>\n\t\t\t\t\t\t\t\t\t<span class=\"elementor-button-text\">Contact<\/span>\n\t\t\t\t\t<\/span>\n\t\t\t\t\t<\/a>\n\t\t\t\t\t\t\t\t<\/div>\n\t\t\t\t<\/div>\n\t\t<div class=\"elementor-element elementor-element-dda7739 e-con-full elementor-hidden-desktop elementor-hidden-tablet e-flex elementor-invisible e-con e-child\" data-id=\"dda7739\" data-element_type=\"container\" data-settings=\"{&quot;animation&quot;:&quot;fadeIn&quot;}\">\n\t\t\t\t<div class=\"elementor-element elementor-element-a5a6bff elementor-invisible elementor-widget elementor-widget-image\" data-id=\"a5a6bff\" data-element_type=\"widget\" data-settings=\"{&quot;_animation&quot;:&quot;fadeIn&quot;}\" data-widget_type=\"image.default\">\n\t\t\t\t\t\t\t\t\t\t\t\t\t\t\t<img decoding=\"async\" width=\"1692\" height=\"1512\" src=\"https:\/\/surgecomunicacion.com\/wp-content\/uploads\/2025\/11\/14.jpg\" class=\"attachment-full size-full wp-image-408\" alt=\"\" srcset=\"https:\/\/surgecomunicacion.com\/wp-content\/uploads\/2025\/11\/14.jpg 1692w, https:\/\/surgecomunicacion.com\/wp-content\/uploads\/2025\/11\/14-300x268.jpg 300w, https:\/\/surgecomunicacion.com\/wp-content\/uploads\/2025\/11\/14-1024x915.jpg 1024w, https:\/\/surgecomunicacion.com\/wp-content\/uploads\/2025\/11\/14-768x686.jpg 768w, https:\/\/surgecomunicacion.com\/wp-content\/uploads\/2025\/11\/14-1536x1373.jpg 1536w\" sizes=\"(max-width: 1692px) 100vw, 1692px\" \/>\t\t\t\t\t\t\t\t\t\t\t\t\t\t\t<\/div>\n\t\t\t\t<\/div>\n\t\t\t\t\t<\/div>\n\t\t\t\t<\/div>\n\t\t\t\t<\/div>","protected":false},"excerpt":{"rendered":"<p>\u00c1reas de trabajo Branding Una identidad visual nace de un concepto, de una historia y de una intenci\u00f3n.Creo universos gr\u00e1ficos que hablan por s\u00ed mismos: logotipos con alma, tipograf\u00edas que dialogan con el proyecto y piezas que construyen cohesi\u00f3n y sentido.Branding que no solo representa, sino que expresa. Contactar Carteler\u00eda Un cartel es una invitaci\u00f3n [&hellip;]<\/p>","protected":false},"author":2,"featured_media":0,"parent":0,"menu_order":0,"comment_status":"closed","ping_status":"closed","template":"","meta":{"_joinchat":[],"footnotes":""},"class_list":["post-524","page","type-page","status-publish","hentry"],"_links":{"self":[{"href":"https:\/\/surgecomunicacion.com\/en\/wp-json\/wp\/v2\/pages\/524","targetHints":{"allow":["GET"]}}],"collection":[{"href":"https:\/\/surgecomunicacion.com\/en\/wp-json\/wp\/v2\/pages"}],"about":[{"href":"https:\/\/surgecomunicacion.com\/en\/wp-json\/wp\/v2\/types\/page"}],"author":[{"embeddable":true,"href":"https:\/\/surgecomunicacion.com\/en\/wp-json\/wp\/v2\/users\/2"}],"replies":[{"embeddable":true,"href":"https:\/\/surgecomunicacion.com\/en\/wp-json\/wp\/v2\/comments?post=524"}],"version-history":[{"count":25,"href":"https:\/\/surgecomunicacion.com\/en\/wp-json\/wp\/v2\/pages\/524\/revisions"}],"predecessor-version":[{"id":821,"href":"https:\/\/surgecomunicacion.com\/en\/wp-json\/wp\/v2\/pages\/524\/revisions\/821"}],"wp:attachment":[{"href":"https:\/\/surgecomunicacion.com\/en\/wp-json\/wp\/v2\/media?parent=524"}],"curies":[{"name":"wp","href":"https:\/\/api.w.org\/{rel}","templated":true}]}}